{"id":2373,"date":"2020-06-04T11:24:11","date_gmt":"2020-06-04T09:24:11","guid":{"rendered":"http:\/\/yield.unportfolio10.com\/default-redirect-page\/"},"modified":"2020-09-03T14:16:24","modified_gmt":"2020-09-03T12:16:24","slug":"pagina-de-redireccion","status":"publish","type":"page","link":"https:\/\/old.healthcareactivos.com\/es\/pagina-de-redireccion\/","title":{"rendered":"P\u00e1gina de redirecci\u00f3n"},"content":{"rendered":"\t\t<div data-elementor-type=\"wp-page\" data-elementor-id=\"2373\" class=\"elementor elementor-2373\" data-elementor-post-type=\"page\">\n\t\t\t\t\t\t<section class=\"elementor-section elementor-top-section elementor-element elementor-element-cc0b524 elementor-section-height-min-height elementor-section-items-stretch elementor-section-boxed elementor-section-height-default\" data-id=\"cc0b524\" data-element_type=\"section\" data-e-type=\"section\" data-settings=\"{&quot;background_background&quot;:&quot;classic&quot;}\">\n\t\t\t\t\t\t\t<div class=\"elementor-background-overlay\"><\/div>\n\t\t\t\t\t\t\t<div class=\"elementor-container elementor-column-gap-default\">\n\t\t\t\t\t<div class=\"elementor-column elementor-col-100 elementor-top-column elementor-element elementor-element-1ab0d79\" data-id=\"1ab0d79\" data-element_type=\"column\" data-e-type=\"column\">\n\t\t\t<div class=\"elementor-widget-wrap elementor-element-populated\">\n\t\t\t\t\t\t<div class=\"elementor-element elementor-element-a801962 elementor-widget elementor-widget-heading\" data-id=\"a801962\" data-element_type=\"widget\" data-e-type=\"widget\" data-widget_type=\"heading.default\">\n\t\t\t\t<div class=\"elementor-widget-container\">\n\t\t\t\t\t<h2 class=\"elementor-heading-title elementor-size-default\">\u00c1rea privada<\/h2>\t\t\t\t<\/div>\n\t\t\t\t<\/div>\n\t\t\t\t<div class=\"elementor-element elementor-element-982aa89 elementor-widget elementor-widget-text-editor\" data-id=\"982aa89\" data-element_type=\"widget\" data-e-type=\"widget\" data-widget_type=\"text-editor.default\">\n\t\t\t\t<div class=\"elementor-widget-container\">\n\t\t\t\t\t\t\t\t\t<p>Ha intentado entrar a un \u00e1rea privada. Lo sentimos no tiene permisos para ver su contenido.<\/p><p>Para m\u00e1s informaci\u00f3n, por favor contacta con <strong>info@healthcareactivos.es<\/strong><\/p>\t\t\t\t\t\t\t\t<\/div>\n\t\t\t\t<\/div>\n\t\t\t\t<div class=\"elementor-element elementor-element-2256ae7 elementor-align-center elementor-widget elementor-widget-button\" data-id=\"2256ae7\" data-element_type=\"widget\" data-e-type=\"widget\" data-widget_type=\"button.default\">\n\t\t\t\t<div class=\"elementor-widget-container\">\n\t\t\t\t\t\t\t\t\t<div class=\"elementor-button-wrapper\">\n\t\t\t\t\t<a class=\"elementor-button elementor-button-link elementor-size-sm\" href=\"https:\/\/old.healthcareactivos.com\/es\/\">\n\t\t\t\t\t\t<span class=\"elementor-button-content-wrapper\">\n\t\t\t\t\t\t\t\t\t<span class=\"elementor-button-text\">Volver a la web<\/span>\n\t\t\t\t\t<\/span>\n\t\t\t\t\t<\/a>\n\t\t\t\t<\/div>\n\t\t\t\t\t\t\t\t<\/div>\n\t\t\t\t<\/div>\n\t\t\t\t\t<\/div>\n\t\t<\/div>\n\t\t\t\t\t<\/div>\n\t\t<\/section>\n\t\t\t\t<\/div>\n\t\t","protected":false},"excerpt":{"rendered":"<p>\u00c1rea privada Ha intentado entrar a un \u00e1rea privada. Lo sentimos no tiene permisos para ver su contenido. Para m\u00e1s informaci\u00f3n, por favor contacta con info@healthcareactivos.es Volver a la web<\/p>\n","protected":false},"author":9,"featured_media":0,"parent":0,"menu_order":0,"comment_status":"closed","ping_status":"closed","template":"elementor_header_footer","meta":{"_acf_changed":false,"footnotes":""},"class_list":["post-2373","page","type-page","status-publish"],"acf":[],"yoast_head":"<!-- This site is optimized with the Yoast SEO plugin v27.5 - https:\/\/yoast.com\/product\/yoast-seo-wordpress\/ -->\n<title>P\u00e1gina de redirecci\u00f3n - Healthcare Activos<\/title>\n<meta name=\"robots\" content=\"noindex, follow, max-snippet:-1, max-image-preview:large, max-video-preview:-1\" \/>\n<meta property=\"og:locale\" content=\"es_ES\" \/>\n<meta property=\"og:type\" content=\"article\" \/>\n<meta property=\"og:title\" content=\"P\u00e1gina de redirecci\u00f3n - Healthcare Activos\" \/>\n<meta property=\"og:description\" content=\"\u00c1rea privada Ha intentado entrar a un \u00e1rea privada. Lo sentimos no tiene permisos para ver su contenido. Para m\u00e1s informaci\u00f3n, por favor contacta con info@healthcareactivos.es Volver a la web\" \/>\n<meta property=\"og:url\" content=\"https:\/\/old.healthcareactivos.com\/es\/pagina-de-redireccion\/\" \/>\n<meta property=\"og:site_name\" content=\"Healthcare Activos\" \/>\n<meta property=\"article:modified_time\" content=\"2020-09-03T12:16:24+00:00\" \/>\n<meta name=\"twitter:card\" content=\"summary_large_image\" \/>\n<script type=\"application\/ld+json\" class=\"yoast-schema-graph\">{\"@context\":\"https:\\\/\\\/schema.org\",\"@graph\":[{\"@type\":\"WebPage\",\"@id\":\"https:\\\/\\\/old.healthcareactivos.com\\\/es\\\/pagina-de-redireccion\\\/\",\"url\":\"https:\\\/\\\/old.healthcareactivos.com\\\/es\\\/pagina-de-redireccion\\\/\",\"name\":\"P\u00e1gina de redirecci\u00f3n - Healthcare Activos\",\"isPartOf\":{\"@id\":\"https:\\\/\\\/old.healthcareactivos.com\\\/es\\\/#website\"},\"datePublished\":\"2020-06-04T09:24:11+00:00\",\"dateModified\":\"2020-09-03T12:16:24+00:00\",\"breadcrumb\":{\"@id\":\"https:\\\/\\\/old.healthcareactivos.com\\\/es\\\/pagina-de-redireccion\\\/#breadcrumb\"},\"inLanguage\":\"es\",\"potentialAction\":[{\"@type\":\"ReadAction\",\"target\":[\"https:\\\/\\\/old.healthcareactivos.com\\\/es\\\/pagina-de-redireccion\\\/\"]}]},{\"@type\":\"BreadcrumbList\",\"@id\":\"https:\\\/\\\/old.healthcareactivos.com\\\/es\\\/pagina-de-redireccion\\\/#breadcrumb\",\"itemListElement\":[{\"@type\":\"ListItem\",\"position\":1,\"name\":\"Portada\",\"item\":\"https:\\\/\\\/old.healthcareactivos.com\\\/es\\\/\"},{\"@type\":\"ListItem\",\"position\":2,\"name\":\"P\u00e1gina de redirecci\u00f3n\"}]},{\"@type\":\"WebSite\",\"@id\":\"https:\\\/\\\/old.healthcareactivos.com\\\/es\\\/#website\",\"url\":\"https:\\\/\\\/old.healthcareactivos.com\\\/es\\\/\",\"name\":\"Healthcare Activos\",\"description\":\"Inversi\u00f3n a largo plazo en Activos Sanitarios\",\"publisher\":{\"@id\":\"https:\\\/\\\/old.healthcareactivos.com\\\/es\\\/#organization\"},\"potentialAction\":[{\"@type\":\"SearchAction\",\"target\":{\"@type\":\"EntryPoint\",\"urlTemplate\":\"https:\\\/\\\/old.healthcareactivos.com\\\/es\\\/?s={search_term_string}\"},\"query-input\":{\"@type\":\"PropertyValueSpecification\",\"valueRequired\":true,\"valueName\":\"search_term_string\"}}],\"inLanguage\":\"es\"},{\"@type\":\"Organization\",\"@id\":\"https:\\\/\\\/old.healthcareactivos.com\\\/es\\\/#organization\",\"name\":\"Healthcare Activos\",\"url\":\"https:\\\/\\\/old.healthcareactivos.com\\\/es\\\/\",\"logo\":{\"@type\":\"ImageObject\",\"inLanguage\":\"es\",\"@id\":\"https:\\\/\\\/old.healthcareactivos.com\\\/es\\\/#\\\/schema\\\/logo\\\/image\\\/\",\"url\":\"https:\\\/\\\/old.healthcareactivos.com\\\/wp-content\\\/uploads\\\/AF-Logotipo-Healthcare.png\",\"contentUrl\":\"https:\\\/\\\/old.healthcareactivos.com\\\/wp-content\\\/uploads\\\/AF-Logotipo-Healthcare.png\",\"width\":500,\"height\":200,\"caption\":\"Healthcare Activos\"},\"image\":{\"@id\":\"https:\\\/\\\/old.healthcareactivos.com\\\/es\\\/#\\\/schema\\\/logo\\\/image\\\/\"}}]}<\/script>\n<!-- \/ Yoast SEO plugin. -->","yoast_head_json":{"title":"P\u00e1gina de redirecci\u00f3n - Healthcare Activos","robots":{"index":"noindex","follow":"follow","max-snippet":"max-snippet:-1","max-image-preview":"max-image-preview:large","max-video-preview":"max-video-preview:-1"},"og_locale":"es_ES","og_type":"article","og_title":"P\u00e1gina de redirecci\u00f3n - Healthcare Activos","og_description":"\u00c1rea privada Ha intentado entrar a un \u00e1rea privada. Lo sentimos no tiene permisos para ver su contenido. Para m\u00e1s informaci\u00f3n, por favor contacta con info@healthcareactivos.es Volver a la web","og_url":"https:\/\/old.healthcareactivos.com\/es\/pagina-de-redireccion\/","og_site_name":"Healthcare Activos","article_modified_time":"2020-09-03T12:16:24+00:00","twitter_card":"summary_large_image","schema":{"@context":"https:\/\/schema.org","@graph":[{"@type":"WebPage","@id":"https:\/\/old.healthcareactivos.com\/es\/pagina-de-redireccion\/","url":"https:\/\/old.healthcareactivos.com\/es\/pagina-de-redireccion\/","name":"P\u00e1gina de redirecci\u00f3n - Healthcare Activos","isPartOf":{"@id":"https:\/\/old.healthcareactivos.com\/es\/#website"},"datePublished":"2020-06-04T09:24:11+00:00","dateModified":"2020-09-03T12:16:24+00:00","breadcrumb":{"@id":"https:\/\/old.healthcareactivos.com\/es\/pagina-de-redireccion\/#breadcrumb"},"inLanguage":"es","potentialAction":[{"@type":"ReadAction","target":["https:\/\/old.healthcareactivos.com\/es\/pagina-de-redireccion\/"]}]},{"@type":"BreadcrumbList","@id":"https:\/\/old.healthcareactivos.com\/es\/pagina-de-redireccion\/#breadcrumb","itemListElement":[{"@type":"ListItem","position":1,"name":"Portada","item":"https:\/\/old.healthcareactivos.com\/es\/"},{"@type":"ListItem","position":2,"name":"P\u00e1gina de redirecci\u00f3n"}]},{"@type":"WebSite","@id":"https:\/\/old.healthcareactivos.com\/es\/#website","url":"https:\/\/old.healthcareactivos.com\/es\/","name":"Healthcare Activos","description":"Inversi\u00f3n a largo plazo en Activos Sanitarios","publisher":{"@id":"https:\/\/old.healthcareactivos.com\/es\/#organization"},"potentialAction":[{"@type":"SearchAction","target":{"@type":"EntryPoint","urlTemplate":"https:\/\/old.healthcareactivos.com\/es\/?s={search_term_string}"},"query-input":{"@type":"PropertyValueSpecification","valueRequired":true,"valueName":"search_term_string"}}],"inLanguage":"es"},{"@type":"Organization","@id":"https:\/\/old.healthcareactivos.com\/es\/#organization","name":"Healthcare Activos","url":"https:\/\/old.healthcareactivos.com\/es\/","logo":{"@type":"ImageObject","inLanguage":"es","@id":"https:\/\/old.healthcareactivos.com\/es\/#\/schema\/logo\/image\/","url":"https:\/\/old.healthcareactivos.com\/wp-content\/uploads\/AF-Logotipo-Healthcare.png","contentUrl":"https:\/\/old.healthcareactivos.com\/wp-content\/uploads\/AF-Logotipo-Healthcare.png","width":500,"height":200,"caption":"Healthcare Activos"},"image":{"@id":"https:\/\/old.healthcareactivos.com\/es\/#\/schema\/logo\/image\/"}}]}},"_links":{"self":[{"href":"https:\/\/old.healthcareactivos.com\/es\/wp-json\/wp\/v2\/pages\/2373","targetHints":{"allow":["GET"]}}],"collection":[{"href":"https:\/\/old.healthcareactivos.com\/es\/wp-json\/wp\/v2\/pages"}],"about":[{"href":"https:\/\/old.healthcareactivos.com\/es\/wp-json\/wp\/v2\/types\/page"}],"author":[{"embeddable":true,"href":"https:\/\/old.healthcareactivos.com\/es\/wp-json\/wp\/v2\/users\/9"}],"replies":[{"embeddable":true,"href":"https:\/\/old.healthcareactivos.com\/es\/wp-json\/wp\/v2\/comments?post=2373"}],"version-history":[{"count":0,"href":"https:\/\/old.healthcareactivos.com\/es\/wp-json\/wp\/v2\/pages\/2373\/revisions"}],"wp:attachment":[{"href":"https:\/\/old.healthcareactivos.com\/es\/wp-json\/wp\/v2\/media?parent=2373"}],"curies":[{"name":"wp","href":"https:\/\/api.w.org\/{rel}","templated":true}]}}